{"id":39,"date":"2023-10-06T18:36:09","date_gmt":"2023-10-06T16:36:09","guid":{"rendered":"https:\/\/www.puntosicurezzalavoro.it\/?page_id=39"},"modified":"2023-10-06T18:37:25","modified_gmt":"2023-10-06T16:37:25","slug":"impatto-acustico","status":"publish","type":"page","link":"https:\/\/www.puntosicurezzalavoro.it\/index.php\/servizi\/impatto-acustico\/","title":{"rendered":"IMPATTO ACUSTICO"},"content":{"rendered":"<blockquote>\n<h1>Impatto Acustico | Rilievi fonometrici e relazione acustica<\/h1>\n<div>La\u00a0\u00a0<strong>valutazione di impatto acustico ambientale<\/strong>\u00a0fa riferimento alla\u00a0\u00a0<a href=\"https:\/\/www.impatto-acustico.com\/legge.html\" target=\"_blank\" rel=\"noopener noreferrer\" data-auth=\"NotApplicable\" data-linkindex=\"1\"><strong>legge 447 del 1995<\/strong><\/a>, Legge quadro sull\u2019inquinamento acustico ambientale.<\/div>\n<div><\/div>\n<div>I rilievi di impatto acustico per valutare il livello di rumore vengono eseguiti da tecnici abilitati, iscritti presso l\u2019Albo speciale dei\u00a0\u00a0<strong>Tecnici Competenti in acustica<\/strong>.<\/div>\n<div><\/div>\n<div><\/div>\n<div><\/div>\n<div>Eseguiamo la\u00a0\u00a0<strong>valutazione di impatto acustico previsionale<\/strong>\u00a0per l\u2019ottenimento del\u00a0\u00a0<a href=\"https:\/\/www.impatto-acustico.com\/nulla-osta-acustico.html\" target=\"_blank\" rel=\"noopener noreferrer\" data-auth=\"NotApplicable\" data-linkindex=\"2\"><strong>nulla osta acustico<\/strong><\/a>\u00a0richiesto dai Comuni per tutte le attivit\u00e0 commerciali quali BAR, ristoranti, discoteche, autolavaggi, officine e tutte le attivit\u00e0 produttive che possono causare rumorosit\u00e0 verso l\u2019esterno. Per questa tipologia di attivit\u00e0, il Tecnico Competente in acustica redige una\u00a0\u00a0<a href=\"https:\/\/www.impatto-acustico.com\/perizia-fonometrica.html\" target=\"_blank\" rel=\"noopener noreferrer\" data-auth=\"NotApplicable\" data-linkindex=\"3\"><strong>relazione di impatto acustico<\/strong><\/a>\u00a0contenente i livelli di rumore rilevati, lo studio della zonizzazione acustica del Comune in cui insiste l&#8217;attivit\u00e0 commerciale, allegando le documentazioni fotografiche dei luoghi e dei macchinari oggetto della perizia fonometrica.<\/div>\n<div><\/div>\n<div>Inoltre, ci occupiamo della\u00a0\u00a0<strong>valutazione del clima acustico<\/strong>\u00a0e dei\u00a0\u00a0<strong>requisiti acustici degli edifici\u00a0<\/strong>per l&#8217;ottenimento di permessi a costruire o per modifiche,\u00a0\u00a0<strong>impatto acustico in cantiere<\/strong>,\u00a0\u00a0<strong>acustica in ambiente di lavoro<\/strong>\u00a0ai sensi del D.lgs. 81\/08. Si esegue, altres\u00ec, la valutazione di impatto acustico corredata di relazione acustica redatta da Tecnico Competente<\/div>\n<\/blockquote>\n","protected":false},"excerpt":{"rendered":"<p>Impatto Acustico | Rilievi fonometrici e relazione acustica La\u00a0\u00a0valutazione di impatto acustico ambientale\u00a0fa riferimento alla\u00a0\u00a0legge 447 del 1995, Legge quadro sull\u2019inquinamento acustico ambientale. I rilievi di impatto acustico per valutare il livello di rumore vengono eseguiti da tecnici abilitati, iscritti presso l\u2019Albo speciale dei\u00a0\u00a0Tecnici Competenti in acustica. Eseguiamo la\u00a0\u00a0valutazione di impatto acustico previsionale\u00a0per l\u2019ottenimento del\u00a0\u00a0nulla [&hellip;]<\/p>\n","protected":false},"author":1,"featured_media":41,"parent":32,"menu_order":0,"comment_status":"closed","ping_status":"closed","template":"","meta":{"footnotes":""},"_links":{"self":[{"href":"https:\/\/www.puntosicurezzalavoro.it\/index.php\/wp-json\/wp\/v2\/pages\/39"}],"collection":[{"href":"https:\/\/www.puntosicurezzalavoro.it\/index.php\/wp-json\/wp\/v2\/pages"}],"about":[{"href":"https:\/\/www.puntosicurezzalavoro.it\/index.php\/wp-json\/wp\/v2\/types\/page"}],"author":[{"embeddable":true,"href":"https:\/\/www.puntosicurezzalavoro.it\/index.php\/wp-json\/wp\/v2\/users\/1"}],"replies":[{"embeddable":true,"href":"https:\/\/www.puntosicurezzalavoro.it\/index.php\/wp-json\/wp\/v2\/comments?post=39"}],"version-history":[{"count":1,"href":"https:\/\/www.puntosicurezzalavoro.it\/index.php\/wp-json\/wp\/v2\/pages\/39\/revisions"}],"predecessor-version":[{"id":40,"href":"https:\/\/www.puntosicurezzalavoro.it\/index.php\/wp-json\/wp\/v2\/pages\/39\/revisions\/40"}],"up":[{"embeddable":true,"href":"https:\/\/www.puntosicurezzalavoro.it\/index.php\/wp-json\/wp\/v2\/pages\/32"}],"wp:featuredmedia":[{"embeddable":true,"href":"https:\/\/www.puntosicurezzalavoro.it\/index.php\/wp-json\/wp\/v2\/media\/41"}],"wp:attachment":[{"href":"https:\/\/www.puntosicurezzalavoro.it\/index.php\/wp-json\/wp\/v2\/media?parent=39"}],"curies":[{"name":"wp","href":"https:\/\/api.w.org\/{rel}","templated":true}]}}